{"id":9,"date":"2015-05-12T17:48:34","date_gmt":"2015-05-12T15:48:34","guid":{"rendered":"https:\/\/gis-dienst.de\/?page_id=9"},"modified":"2018-05-22T11:02:44","modified_gmt":"2018-05-22T09:02:44","slug":"vermessung","status":"publish","type":"page","link":"https:\/\/gis-dienst.de\/?page_id=9","title":{"rendered":"Vermessung"},"content":{"rendered":"<div class=\"clr\" style=\"text-align: justify;\"><a href=\"https:\/\/gis-dienst.de\/wp-content\/uploads\/2015\/05\/20170626_143234_001neu.jpg\"><img loading=\"lazy\" decoding=\"async\" class=\"alignnone wp-image-410 size-large\" src=\"https:\/\/gis-dienst.de\/wp-content\/uploads\/2015\/05\/20170626_143234_001neu-1024x390.jpg\" alt=\"\" width=\"700\" height=\"267\" srcset=\"https:\/\/gis-dienst.de\/wp-content\/uploads\/2015\/05\/20170626_143234_001neu-1024x390.jpg 1024w, https:\/\/gis-dienst.de\/wp-content\/uploads\/2015\/05\/20170626_143234_001neu-300x114.jpg 300w, https:\/\/gis-dienst.de\/wp-content\/uploads\/2015\/05\/20170626_143234_001neu.jpg 1920w\" sizes=\"auto, (max-width: 700px) 100vw, 700px\" \/><\/a><\/div>\n<div class=\"clr\" style=\"text-align: justify;\"><\/div>\n<div class=\"clr\" style=\"text-align: justify;\">Im Bereich der <strong>Vermessung<\/strong> nehmen wir Ihre Auftr\u00e4ge <strong>bundesweit<\/strong> entgegen. Unsere Haupteinsatzgebiete liegen in den Bundesl\u00e4ndern Sachsen, Sachsen-Anhalt, Th\u00fcringen und Brandenburg.<\/div>\n<div id=\"contents\" class=\"sp-grid-9 fixHeight clearfix\">\n<div class=\"sp-inner-content\">\n<p style=\"text-align: justify;\">F\u00fcr die Durchf\u00fchrung der Vermessungsleistung arbeiten wir mit GPS und 1-Mann-Totalstation. Unsere moderne Vermessungstechnik von Trimble und erfahrene Mitarbeiter erm\u00f6glichen uns effektives Arbeiten und g\u00fcnstige Preise.<\/p>\n<p style=\"text-align: justify;\">Gern nehmen wir Anfragen zu Leistungen im Zusammenhang auch mit Sachdatenerfassung und der Integration in GI-Systeme entgegen.<\/p>\n<p style=\"text-align: justify;\">\n<\/div>\n<\/div>\n","protected":false},"excerpt":{"rendered":"<p>Unser T\u00e4tigkeitsschwerpunkt im Bereich der Ingenieurvermessung liegt in den Bundesl\u00e4ndern Sachsen, Sachsen &#8211; Anhalt, Th\u00fcringen und Brandenburg. Bundesweit nehmen wir Auftr\u00e4ge entgegen, die eine von Bauma\u00dfnahmen weitgehend unabh\u00e4ngige, kontinuierliche Datenerfassung \u00fcber einen begrenzten Zeitraum erlauben.<\/p>\n","protected":false},"author":1,"featured_media":725,"parent":0,"menu_order":0,"comment_status":"closed","ping_status":"closed","template":"","meta":{"_monsterinsights_skip_tracking":false,"_monsterinsights_sitenote_active":false,"_monsterinsights_sitenote_note":"","_monsterinsights_sitenote_category":0,"footnotes":""},"class_list":["post-9","page","type-page","status-publish","has-post-thumbnail","hentry"],"aioseo_notices":[],"_links":{"self":[{"href":"https:\/\/gis-dienst.de\/index.php?rest_route=\/wp\/v2\/pages\/9","targetHints":{"allow":["GET"]}}],"collection":[{"href":"https:\/\/gis-dienst.de\/index.php?rest_route=\/wp\/v2\/pages"}],"about":[{"href":"https:\/\/gis-dienst.de\/index.php?rest_route=\/wp\/v2\/types\/page"}],"author":[{"embeddable":true,"href":"https:\/\/gis-dienst.de\/index.php?rest_route=\/wp\/v2\/users\/1"}],"replies":[{"embeddable":true,"href":"https:\/\/gis-dienst.de\/index.php?rest_route=%2Fwp%2Fv2%2Fcomments&post=9"}],"version-history":[{"count":24,"href":"https:\/\/gis-dienst.de\/index.php?rest_route=\/wp\/v2\/pages\/9\/revisions"}],"predecessor-version":[{"id":549,"href":"https:\/\/gis-dienst.de\/index.php?rest_route=\/wp\/v2\/pages\/9\/revisions\/549"}],"wp:featuredmedia":[{"embeddable":true,"href":"https:\/\/gis-dienst.de\/index.php?rest_route=\/wp\/v2\/media\/725"}],"wp:attachment":[{"href":"https:\/\/gis-dienst.de\/index.php?rest_route=%2Fwp%2Fv2%2Fmedia&parent=9"}],"curies":[{"name":"wp","href":"https:\/\/api.w.org\/{rel}","templated":true}]}}