{"id":4,"date":"2015-05-12T17:47:13","date_gmt":"2015-05-12T15:47:13","guid":{"rendered":"https:\/\/gis-dienst.de\/?page_id=4"},"modified":"2018-05-22T11:02:05","modified_gmt":"2018-05-22T09:02:05","slug":"planung","status":"publish","type":"page","link":"https:\/\/gis-dienst.de\/?page_id=4","title":{"rendered":"Planungsleistungen"},"content":{"rendered":"<p style=\"text-align: justify;\">Wir betrachten das Projektgebiet ganzheitlich, stellen Varianten zur Diskussion und betreuen Sie \u00fcber den gesamten Bauablauf.<\/p>\n<p style=\"text-align: justify;\">&#8211; Stra\u00dfenplanung, Stra\u00dfensanierung<\/p>\n<p style=\"text-align: justify;\">&#8211; Kanal- und Rohrleitungsbau<\/p>\n<p style=\"text-align: justify;\">&#8211; Kanal- und Rohrleitungssanierung<\/p>\n<p style=\"text-align: justify;\">&#8211; allgemeiner Tiefbau und Wasserbau<\/p>\n<p style=\"text-align: justify;\">Gern stellen wir Ihnen unsere Projekte auch pers\u00f6nlich vor und erl\u00e4utern Ihnen in einem Gespr\u00e4ch unsere Kompetenzen.<\/p>\n","protected":false},"excerpt":{"rendered":"<p>Ingenieurtechnische Planungsleistungen<br \/>\nStra\u00dfenplanung und Umfeldgestaltung zu Minimalkosten ist kein Gegensatz.Wir betrachten das Projektgebiet ganzheitlich, stellen Varianten zur Diskussion und betreuen Sie \u00fcber den gesamten Bauablauf.<\/p>\n","protected":false},"author":1,"featured_media":724,"parent":0,"menu_order":0,"comment_status":"closed","ping_status":"closed","template":"","meta":{"_monsterinsights_skip_tracking":false,"_monsterinsights_sitenote_active":false,"_monsterinsights_sitenote_note":"","_monsterinsights_sitenote_category":0,"footnotes":""},"class_list":["post-4","page","type-page","status-publish","has-post-thumbnail","hentry"],"aioseo_notices":[],"_links":{"self":[{"href":"https:\/\/gis-dienst.de\/index.php?rest_route=\/wp\/v2\/pages\/4","targetHints":{"allow":["GET"]}}],"collection":[{"href":"https:\/\/gis-dienst.de\/index.php?rest_route=\/wp\/v2\/pages"}],"about":[{"href":"https:\/\/gis-dienst.de\/index.php?rest_route=\/wp\/v2\/types\/page"}],"author":[{"embeddable":true,"href":"https:\/\/gis-dienst.de\/index.php?rest_route=\/wp\/v2\/users\/1"}],"replies":[{"embeddable":true,"href":"https:\/\/gis-dienst.de\/index.php?rest_route=%2Fwp%2Fv2%2Fcomments&post=4"}],"version-history":[{"count":9,"href":"https:\/\/gis-dienst.de\/index.php?rest_route=\/wp\/v2\/pages\/4\/revisions"}],"predecessor-version":[{"id":508,"href":"https:\/\/gis-dienst.de\/index.php?rest_route=\/wp\/v2\/pages\/4\/revisions\/508"}],"wp:featuredmedia":[{"embeddable":true,"href":"https:\/\/gis-dienst.de\/index.php?rest_route=\/wp\/v2\/media\/724"}],"wp:attachment":[{"href":"https:\/\/gis-dienst.de\/index.php?rest_route=%2Fwp%2Fv2%2Fmedia&parent=4"}],"curies":[{"name":"wp","href":"https:\/\/api.w.org\/{rel}","templated":true}]}}