{"id":37,"date":"2015-05-13T06:29:10","date_gmt":"2015-05-13T04:29:10","guid":{"rendered":"https:\/\/gis-dienst.de\/?page_id=37"},"modified":"2018-06-29T10:31:12","modified_gmt":"2018-06-29T08:31:12","slug":"bewertung","status":"publish","type":"page","link":"https:\/\/gis-dienst.de\/?page_id=37","title":{"rendered":"Infrastrukturverm\u00f6gen"},"content":{"rendered":"<h4 style=\"text-align: justify;\">Bewertung der Anlageng\u00fcter f\u00fcr die kameralistische und doppische Inventur der Kommunen<\/h4>\n<div class=\"wpb_text_column wpb_content_element \">\n<div class=\"wpb_wrapper\">\n<p style=\"text-align: justify;\"><a href=\"https:\/\/gis-dienst.de\/wp-content\/uploads\/2015\/05\/360Grad.jpg\" target=\"_blank\" rel=\"noopener\"><img loading=\"lazy\" decoding=\"async\" class=\"aligncenter wp-image-426 size-full\" src=\"https:\/\/gis-dienst.de\/wp-content\/uploads\/2015\/05\/360Grad.jpg\" alt=\"360Grad\" width=\"602\" height=\"294\" srcset=\"https:\/\/gis-dienst.de\/wp-content\/uploads\/2015\/05\/360Grad.jpg 602w, https:\/\/gis-dienst.de\/wp-content\/uploads\/2015\/05\/360Grad-300x147.jpg 300w\" sizes=\"auto, (max-width: 602px) 100vw, 602px\" \/><\/a>Die Bewertung des Infrastrukturverm\u00f6gens (Verkehrsfl\u00e4chen, Bauwerke, Geb\u00e4ude, Kanal und Flurst\u00fccke) im Rahmen der kameralistischen und doppischen Inventur ist eine wichtige kommunale Aufgabe und in den kommunalen Haushaltverordnungen und Bewertungsvorschriften der L\u00e4nder verankert. Nur die exakte Verm\u00f6gensermittlung setzt die K\u00e4mmereien und Bau\u00e4mter in die Lage, die Haushaltplanungen f\u00fcr Neuinvestitionen, Erhaltungsma\u00dfnahmen und Modernisierungen zielgerichtet vorzunehmen. Wir erledigen die Bewertung vor Ort, die Kakulation der Verm\u00f6genswerte und die \u00dcbergabe per Schnittstelle an die Anlagenbuchhaltungen.<br \/>\nMit unserer 360\u00b0-Videotechnologieentwicklung, einer wirtschaftlichen, visuell-sensitiven Zustandserfassung und einem Stra\u00dfenmanagementsystem haben Sie das ideale Steuerungsinstrument zur Erf\u00fcllung Ihrer gesetzlichen Verpflichtungen zur Verf\u00fcgung.<\/p>\n<\/div>\n<\/div>\n<p style=\"text-align: center;\">GIS-Dienst GmbH bietet in diesem Bereich folgende Dienstleistungen an:<\/p>\n<ul style=\"text-align: center;\">\n<li><strong>360\u00b0 Videobefahrung<\/strong><\/li>\n<li><strong>Erfassung und Bewertung von kommunalem Anlageverm\u00f6gen<\/strong><\/li>\n<li><strong>Erstellung Stra\u00dfenzustandskataster \/ Stra\u00dfenmanagementsystem<\/strong><\/li>\n<\/ul>\n<p style=\"text-align: center;\"><strong><u>Unsere Referenzen<\/u><\/strong><\/p>\n<p style=\"text-align: center;\">Wir verf\u00fcgen \u00fcber Erfahrungen aus \u00fcber 65 Projekten in Brandenburg, Sachsen, Sachsen-Anhalt und Th\u00fcringen und bieten unsere Leistungen bundesweit an.<\/p>\n<p style=\"text-align: center;\"><a href=\"https:\/\/gis-dienst.de\/wp-content\/uploads\/2015\/05\/Deutschland.png\" target=\"_blank\" rel=\"noopener\"><img loading=\"lazy\" decoding=\"async\" class=\"alignnone wp-image-618\" src=\"https:\/\/gis-dienst.de\/wp-content\/uploads\/2015\/05\/Deutschland-825x1024.png\" alt=\"\" width=\"282\" height=\"350\" srcset=\"https:\/\/gis-dienst.de\/wp-content\/uploads\/2015\/05\/Deutschland-825x1024.png 825w, https:\/\/gis-dienst.de\/wp-content\/uploads\/2015\/05\/Deutschland-242x300.png 242w, https:\/\/gis-dienst.de\/wp-content\/uploads\/2015\/05\/Deutschland.png 861w\" sizes=\"auto, (max-width: 282px) 100vw, 282px\" \/><\/a><\/p>\n","protected":false},"excerpt":{"rendered":"<p>Jedes Bundesland hat f\u00fcr die Erfassung von Parametern im Bereich der kommunalen Verkehrsfl\u00e4chen eigene Vorgaben erstellt. An diesen orientiert sich dann auch die Wertermittlung. Dar\u00fcber hinaus sind die Angaben der Zustandsparameter (Schadenskategorien) wichtige Arbeitsgr\u00f6\u00dfen f\u00fcr die Mitarbeiter im Bauamt.<\/p>\n","protected":false},"author":1,"featured_media":726,"parent":0,"menu_order":0,"comment_status":"closed","ping_status":"closed","template":"","meta":{"_monsterinsights_skip_tracking":false,"_monsterinsights_sitenote_active":false,"_monsterinsights_sitenote_note":"","_monsterinsights_sitenote_category":0,"footnotes":""},"class_list":["post-37","page","type-page","status-publish","has-post-thumbnail","hentry"],"aioseo_notices":[],"_links":{"self":[{"href":"https:\/\/gis-dienst.de\/index.php?rest_route=\/wp\/v2\/pages\/37","targetHints":{"allow":["GET"]}}],"collection":[{"href":"https:\/\/gis-dienst.de\/index.php?rest_route=\/wp\/v2\/pages"}],"about":[{"href":"https:\/\/gis-dienst.de\/index.php?rest_route=\/wp\/v2\/types\/page"}],"author":[{"embeddable":true,"href":"https:\/\/gis-dienst.de\/index.php?rest_route=\/wp\/v2\/users\/1"}],"replies":[{"embeddable":true,"href":"https:\/\/gis-dienst.de\/index.php?rest_route=%2Fwp%2Fv2%2Fcomments&post=37"}],"version-history":[{"count":34,"href":"https:\/\/gis-dienst.de\/index.php?rest_route=\/wp\/v2\/pages\/37\/revisions"}],"predecessor-version":[{"id":754,"href":"https:\/\/gis-dienst.de\/index.php?rest_route=\/wp\/v2\/pages\/37\/revisions\/754"}],"wp:featuredmedia":[{"embeddable":true,"href":"https:\/\/gis-dienst.de\/index.php?rest_route=\/wp\/v2\/media\/726"}],"wp:attachment":[{"href":"https:\/\/gis-dienst.de\/index.php?rest_route=%2Fwp%2Fv2%2Fmedia&parent=37"}],"curies":[{"name":"wp","href":"https:\/\/api.w.org\/{rel}","templated":true}]}}