{"id":31,"date":"2015-05-12T18:22:27","date_gmt":"2015-05-12T16:22:27","guid":{"rendered":"https:\/\/gis-dienst.de\/?page_id=31"},"modified":"2017-09-27T09:58:32","modified_gmt":"2017-09-27T07:58:32","slug":"grundlagenvermessung","status":"publish","type":"page","link":"https:\/\/gis-dienst.de\/?page_id=31","title":{"rendered":"Leistungen"},"content":{"rendered":"<table>\n<tbody>\n<tr>\n<td width=\"307\"><strong>Leistungen innerhalb der Vermessung:<\/strong><\/p>\n<ul>\n<li>Lage- und H\u00f6henpl\u00e4ne<\/li>\n<li>Digitale Gel\u00e4ndemodelle<\/li>\n<li>L\u00e4ngs- und Querprofile<\/li>\n<li>Massen- u. Fl\u00e4chenberechnung<\/li>\n<\/ul>\n<p><strong>Bestandspl\u00e4ne u.a. f\u00fcr<\/strong><\/p>\n<ul>\n<li>Strassen- und Kanalbau<\/li>\n<li>Trinkwasser\/Fernw\u00e4rmeleitung<\/li>\n<li>Elektrokabel aller Art<\/li>\n<li>Stra\u00dfenbeleuchtung<\/li>\n<\/ul>\n<p><strong>Absteckungen<\/strong><\/p>\n<ul>\n<li>Achsabsteckungen<\/li>\n<li>Kleinpunktabsteckungen<\/li>\n<li>Schnurger\u00fcst einschneiden<\/li>\n<li>H\u00f6henabsteckungen (z.B. Meterrisse in Geb\u00e4uden, H\u00f6henbolzen etc.)<\/li>\n<li>Kontrollmessungen<\/li>\n<\/ul>\n<p><strong>Sonstige Vermessungen<\/strong><\/p>\n<ul>\n<li>Vermessung in schwer bzw. nicht zug\u00e4nglichem Gel\u00e4nde durch reflektorlose Vermessung<br \/>\nz.B. Bauwerksh\u00f6hen, Baugruben, Fassaden etc.<\/li>\n<li>Feinnivellement f\u00fcr die Deformations-Vermessung<\/li>\n<\/ul>\n<\/td>\n<td width=\"307\">\u00a0<a href=\"https:\/\/gis-dienst.de\/wp-content\/uploads\/2015\/05\/Vermessungsbild.jpg\"><img loading=\"lazy\" decoding=\"async\" class=\"alignright wp-image-213 \" src=\"https:\/\/gis-dienst.de\/wp-content\/uploads\/2015\/05\/Vermessungsbild.jpg\" alt=\"Vermessungsbild\" width=\"404\" height=\"758\" srcset=\"https:\/\/gis-dienst.de\/wp-content\/uploads\/2015\/05\/Vermessungsbild.jpg 1272w, https:\/\/gis-dienst.de\/wp-content\/uploads\/2015\/05\/Vermessungsbild-160x300.jpg 160w, https:\/\/gis-dienst.de\/wp-content\/uploads\/2015\/05\/Vermessungsbild-546x1024.jpg 546w\" sizes=\"auto, (max-width: 404px) 100vw, 404px\" \/><\/a><\/td>\n<\/tr>\n<\/tbody>\n<\/table>\n","protected":false},"excerpt":{"rendered":"<p>Leistungen innerhalb der Vermessung: Lage- und H\u00f6henpl\u00e4ne Digitale Gel\u00e4ndemodelle L\u00e4ngs- und Querprofile Massen- u. Fl\u00e4chenberechnung Bestandspl\u00e4ne u.a. f\u00fcr Strassen- und Kanalbau Trinkwasser\/Fernw\u00e4rmeleitung Elektrokabel aller Art Stra\u00dfenbeleuchtung Absteckungen Achsabsteckungen Kleinpunktabsteckungen Schnurger\u00fcst einschneiden H\u00f6henabsteckungen (z.B. Meterrisse in Geb\u00e4uden, H\u00f6henbolzen etc.) Kontrollmessungen Sonstige<\/p>\n","protected":false},"author":1,"featured_media":0,"parent":0,"menu_order":0,"comment_status":"closed","ping_status":"closed","template":"","meta":{"_monsterinsights_skip_tracking":false,"_monsterinsights_sitenote_active":false,"_monsterinsights_sitenote_note":"","_monsterinsights_sitenote_category":0,"footnotes":""},"class_list":["post-31","page","type-page","status-publish","hentry"],"aioseo_notices":[],"_links":{"self":[{"href":"https:\/\/gis-dienst.de\/index.php?rest_route=\/wp\/v2\/pages\/31","targetHints":{"allow":["GET"]}}],"collection":[{"href":"https:\/\/gis-dienst.de\/index.php?rest_route=\/wp\/v2\/pages"}],"about":[{"href":"https:\/\/gis-dienst.de\/index.php?rest_route=\/wp\/v2\/types\/page"}],"author":[{"embeddable":true,"href":"https:\/\/gis-dienst.de\/index.php?rest_route=\/wp\/v2\/users\/1"}],"replies":[{"embeddable":true,"href":"https:\/\/gis-dienst.de\/index.php?rest_route=%2Fwp%2Fv2%2Fcomments&post=31"}],"version-history":[{"count":17,"href":"https:\/\/gis-dienst.de\/index.php?rest_route=\/wp\/v2\/pages\/31\/revisions"}],"predecessor-version":[{"id":425,"href":"https:\/\/gis-dienst.de\/index.php?rest_route=\/wp\/v2\/pages\/31\/revisions\/425"}],"wp:attachment":[{"href":"https:\/\/gis-dienst.de\/index.php?rest_route=%2Fwp%2Fv2%2Fmedia&parent=31"}],"curies":[{"name":"wp","href":"https:\/\/api.w.org\/{rel}","templated":true}]}}