{"id":29,"date":"2015-05-12T18:21:37","date_gmt":"2015-05-12T16:21:37","guid":{"rendered":"https:\/\/gis-dienst.de\/?page_id=29"},"modified":"2017-10-20T11:30:46","modified_gmt":"2017-10-20T09:30:46","slug":"kanalplanung","status":"publish","type":"page","link":"https:\/\/gis-dienst.de\/?page_id=29","title":{"rendered":"Tiefbauplanung"},"content":{"rendered":"<p>Eine Tiefbauplanung bildet die Grundlage der Ver-und Entsorgung aller St\u00e4dte und Gemeinden.<\/p>\n<p>Wir erarbeiten f\u00fcr Sie<strong><a href=\"https:\/\/gis-dienst.de\/wp-content\/uploads\/2015\/05\/Trinkwasser.jpg\" target=\"_blank\"><img loading=\"lazy\" decoding=\"async\" class=\"  alignright wp-image-640\" src=\"https:\/\/gis-dienst.de\/wp-content\/uploads\/2015\/05\/Trinkwasser.jpg\" alt=\"Trinkwasser\" width=\"171\" height=\"303\" srcset=\"https:\/\/gis-dienst.de\/wp-content\/uploads\/2015\/05\/Trinkwasser.jpg 780w, https:\/\/gis-dienst.de\/wp-content\/uploads\/2015\/05\/Trinkwasser-169x300.jpg 169w, https:\/\/gis-dienst.de\/wp-content\/uploads\/2015\/05\/Trinkwasser-576x1024.jpg 576w\" sizes=\"auto, (max-width: 171px) 100vw, 171px\" \/><\/a><\/strong><\/p>\n<ul>\n<li><strong>Planung Abwasserentsorgung <\/strong>\n<ul>\n<li>Hauptsammler<\/li>\n<li>Kanalisation<\/li>\n<li>Pumpwerke<\/li>\n<li>Sonderbauwerke<a href=\"https:\/\/gis-dienst.de\/wp-content\/uploads\/2015\/05\/Bild-1-Tiefbauplanung1.png\" target=\"_blank\"><img loading=\"lazy\" decoding=\"async\" class=\"alignright wp-image-238 size-medium\" src=\"https:\/\/gis-dienst.de\/wp-content\/uploads\/2015\/05\/Bild-1-Tiefbauplanung1-168x300.png\" alt=\"Bild 1 Tiefbauplanung\" width=\"168\" height=\"300\" srcset=\"https:\/\/gis-dienst.de\/wp-content\/uploads\/2015\/05\/Bild-1-Tiefbauplanung1-168x300.png 168w, https:\/\/gis-dienst.de\/wp-content\/uploads\/2015\/05\/Bild-1-Tiefbauplanung1.png 220w\" sizes=\"auto, (max-width: 168px) 100vw, 168px\" \/><\/a><\/li>\n<\/ul>\n<p>\n<\/li>\n<li><strong>Planung Wasserversorgung<\/strong>\n<ul>\n<li>Trinkwassernetze<\/li>\n<li>Pumpwerke<\/li>\n<\/ul>\n<p>\n<\/li>\n<li><strong>Planung Kl\u00e4ranlagen<\/strong>\n<ul>\n<li>Kl\u00e4ranlagen<\/li>\n<li>Kleinkl\u00e4ranlagen<\/li>\n<\/ul>\n<\/li>\n<\/ul>\n","protected":false},"excerpt":{"rendered":"<p>Eine Tiefbauplanung bildet die Grundlage der Ver-und Entsorgung aller St\u00e4dte und Gemeinden. Wir erarbeiten f\u00fcr Sie Planung Abwasserentsorgung Hauptsammler Kanalisation Pumpwerke Sonderbauwerke Planung Wasserversorgung Trinkwassernetze Pumpwerke Planung Kl\u00e4ranlagen Kl\u00e4ranlagen Kleinkl\u00e4ranlagen<\/p>\n","protected":false},"author":1,"featured_media":0,"parent":0,"menu_order":0,"comment_status":"closed","ping_status":"closed","template":"","meta":{"_monsterinsights_skip_tracking":false,"_monsterinsights_sitenote_active":false,"_monsterinsights_sitenote_note":"","_monsterinsights_sitenote_category":0,"footnotes":""},"class_list":["post-29","page","type-page","status-publish","hentry"],"aioseo_notices":[],"_links":{"self":[{"href":"https:\/\/gis-dienst.de\/index.php?rest_route=\/wp\/v2\/pages\/29","targetHints":{"allow":["GET"]}}],"collection":[{"href":"https:\/\/gis-dienst.de\/index.php?rest_route=\/wp\/v2\/pages"}],"about":[{"href":"https:\/\/gis-dienst.de\/index.php?rest_route=\/wp\/v2\/types\/page"}],"author":[{"embeddable":true,"href":"https:\/\/gis-dienst.de\/index.php?rest_route=\/wp\/v2\/users\/1"}],"replies":[{"embeddable":true,"href":"https:\/\/gis-dienst.de\/index.php?rest_route=%2Fwp%2Fv2%2Fcomments&post=29"}],"version-history":[{"count":16,"href":"https:\/\/gis-dienst.de\/index.php?rest_route=\/wp\/v2\/pages\/29\/revisions"}],"predecessor-version":[{"id":684,"href":"https:\/\/gis-dienst.de\/index.php?rest_route=\/wp\/v2\/pages\/29\/revisions\/684"}],"wp:attachment":[{"href":"https:\/\/gis-dienst.de\/index.php?rest_route=%2Fwp%2Fv2%2Fmedia&parent=29"}],"curies":[{"name":"wp","href":"https:\/\/api.w.org\/{rel}","templated":true}]}}