{"id":251,"date":"2017-04-19T08:01:07","date_gmt":"2017-04-19T06:01:07","guid":{"rendered":"https:\/\/gis-dienst.de\/?page_id=251"},"modified":"2017-05-08T15:53:42","modified_gmt":"2017-05-08T13:53:42","slug":"sigeko","status":"publish","type":"page","link":"https:\/\/gis-dienst.de\/?page_id=251","title":{"rendered":"SIGEKO"},"content":{"rendered":"<p>Bauherren als Verantwortliche eines Bauvorhabens sind verpflichtet, sich um den Gesundheitsschutz der auf der Baustelle t\u00e4tigen Personen zu k\u00fcmmern. Um diese Aufgabe erf\u00fcllen zu k\u00f6nnen, ben\u00f6tigen viele Bauherren Unterst\u00fctzung \u2013 dies leistet der Sicherheits- und Gesundheitsschutzkoordination -Koordinator (SiGeKo)<\/p>\n<p>Der Bauherr \u00fcbertr\u00e4gt dem SiGeKo die Aufgaben nach \u00a7 3 Abs. 2 und 3 f\u00fcr die Planungs- und Ausf\u00fchrungsphase des Bauvorhabens.<\/p>\n<p>Alle Leistungen der Sicherheits- und Gesundheitsschutzkoordination nach \u00a7 3der Baustellenverordnung werden von uns durch geschulte und zertifizierte Mitarbeiter erbracht.<\/p>\n<p>Dazu geh\u00f6ren u.a.:<a href=\"https:\/\/gis-dienst.de\/wp-content\/uploads\/2017\/04\/sigeko-plan.png\"><img loading=\"lazy\" decoding=\"async\" class=\" size-medium wp-image-252 alignright\" src=\"https:\/\/gis-dienst.de\/wp-content\/uploads\/2017\/04\/sigeko-plan-300x156.png\" alt=\"sigeko-plan\" width=\"300\" height=\"156\" srcset=\"https:\/\/gis-dienst.de\/wp-content\/uploads\/2017\/04\/sigeko-plan-300x156.png 300w, https:\/\/gis-dienst.de\/wp-content\/uploads\/2017\/04\/sigeko-plan-1024x531.png 1024w, https:\/\/gis-dienst.de\/wp-content\/uploads\/2017\/04\/sigeko-plan.png 1386w\" sizes=\"auto, (max-width: 300px) 100vw, 300px\" \/><\/a><\/p>\n<ul>\n<li>Erarbeitung eines SIGEPlanes<\/li>\n<li>Vorank\u00fcndigung zur Einrichtung einer Baustelle<\/li>\n<li>Erarbeitung einer Baustellenordnung<\/li>\n<li>Baustellenkontrollen<\/li>\n<\/ul>\n<p>&nbsp;<\/p>\n","protected":false},"excerpt":{"rendered":"<p>Bauherren als Verantwortliche eines Bauvorhabens sind verpflichtet, sich um den Gesundheitsschutz der auf der Baustelle t\u00e4tigen Personen zu k\u00fcmmern. Um diese Aufgabe erf\u00fcllen zu k\u00f6nnen, ben\u00f6tigen viele Bauherren Unterst\u00fctzung \u2013 dies leistet der Sicherheits- und Gesundheitsschutzkoordination -Koordinator (SiGeKo) Der Bauherr<\/p>\n","protected":false},"author":1,"featured_media":0,"parent":0,"menu_order":0,"comment_status":"closed","ping_status":"closed","template":"","meta":{"_monsterinsights_skip_tracking":false,"_monsterinsights_sitenote_active":false,"_monsterinsights_sitenote_note":"","_monsterinsights_sitenote_category":0,"footnotes":""},"class_list":["post-251","page","type-page","status-publish","hentry"],"aioseo_notices":[],"_links":{"self":[{"href":"https:\/\/gis-dienst.de\/index.php?rest_route=\/wp\/v2\/pages\/251","targetHints":{"allow":["GET"]}}],"collection":[{"href":"https:\/\/gis-dienst.de\/index.php?rest_route=\/wp\/v2\/pages"}],"about":[{"href":"https:\/\/gis-dienst.de\/index.php?rest_route=\/wp\/v2\/types\/page"}],"author":[{"embeddable":true,"href":"https:\/\/gis-dienst.de\/index.php?rest_route=\/wp\/v2\/users\/1"}],"replies":[{"embeddable":true,"href":"https:\/\/gis-dienst.de\/index.php?rest_route=%2Fwp%2Fv2%2Fcomments&post=251"}],"version-history":[{"count":1,"href":"https:\/\/gis-dienst.de\/index.php?rest_route=\/wp\/v2\/pages\/251\/revisions"}],"predecessor-version":[{"id":253,"href":"https:\/\/gis-dienst.de\/index.php?rest_route=\/wp\/v2\/pages\/251\/revisions\/253"}],"wp:attachment":[{"href":"https:\/\/gis-dienst.de\/index.php?rest_route=%2Fwp%2Fv2%2Fmedia&parent=251"}],"curies":[{"name":"wp","href":"https:\/\/api.w.org\/{rel}","templated":true}]}}