{"id":21,"date":"2015-05-12T18:19:55","date_gmt":"2015-05-12T16:19:55","guid":{"rendered":"https:\/\/gis-dienst.de\/?page_id=21"},"modified":"2017-10-04T13:43:08","modified_gmt":"2017-10-04T11:43:08","slug":"web-gis","status":"publish","type":"page","link":"https:\/\/gis-dienst.de\/?page_id=21","title":{"rendered":"Geodaten-Management"},"content":{"rendered":"<div id=\"content_left\">\n<div id=\"c224\" class=\"csc-default csc-space-after-20\">\n<p class=\"bodytext\"><a href=\"https:\/\/gis-dienst.de\/wp-content\/uploads\/2015\/05\/Hoehenmodell.jpg\"><img loading=\"lazy\" decoding=\"async\" class=\"alignnone wp-image-519 size-full\" src=\"https:\/\/gis-dienst.de\/wp-content\/uploads\/2015\/05\/Hoehenmodell.jpg\" alt=\"\" width=\"964\" height=\"291\" srcset=\"https:\/\/gis-dienst.de\/wp-content\/uploads\/2015\/05\/Hoehenmodell.jpg 964w, https:\/\/gis-dienst.de\/wp-content\/uploads\/2015\/05\/Hoehenmodell-300x91.jpg 300w\" sizes=\"auto, (max-width: 964px) 100vw, 964px\" \/><\/a><\/p>\n<p class=\"bodytext\" style=\"text-align: justify;\">GIS-Dienst GmbH verf\u00fcgt \u00fcber umfangreiche Erfahrungen bei der Erarbeitung GIS-gest\u00fctzter L\u00f6sungen im Datenmanagement. Wir \u00fcbernehmen die fachkundige Bearbeitung aller Ihrer Geodaten.<\/p>\n<p class=\"bodytext\" style=\"text-align: justify;\">Unsere Leistungen:<\/p>\n<ul style=\"text-align: justify;\">\n<li><b>Digitale Kartenerstellung mittels GIS<\/b><\/li>\n<li><b>Digitalisierung analoger Geodaten<\/b><\/li>\n<li><b>Datenkonvertierung und -migration<\/b><\/li>\n<li><b>Geodaten-Analyse<\/b><strong>n unter Anwendung verschiedener GIS Funktionen und Analysen<\/strong><\/li>\n<li><b>Entwurf und Umsetzung von Kartenlayouts<\/b><\/li>\n<\/ul>\n<\/div>\n<\/div>\n","protected":false},"excerpt":{"rendered":"<p>Wir unterst\u00fctzen Sie bei der t\u00e4glichen Arbeit mit Geographischen Informationssystemen:<\/p>\n","protected":false},"author":1,"featured_media":87,"parent":0,"menu_order":0,"comment_status":"closed","ping_status":"closed","template":"","meta":{"_monsterinsights_skip_tracking":false,"_monsterinsights_sitenote_active":false,"_monsterinsights_sitenote_note":"","_monsterinsights_sitenote_category":0,"footnotes":""},"class_list":["post-21","page","type-page","status-publish","has-post-thumbnail","hentry"],"aioseo_notices":[],"_links":{"self":[{"href":"https:\/\/gis-dienst.de\/index.php?rest_route=\/wp\/v2\/pages\/21","targetHints":{"allow":["GET"]}}],"collection":[{"href":"https:\/\/gis-dienst.de\/index.php?rest_route=\/wp\/v2\/pages"}],"about":[{"href":"https:\/\/gis-dienst.de\/index.php?rest_route=\/wp\/v2\/types\/page"}],"author":[{"embeddable":true,"href":"https:\/\/gis-dienst.de\/index.php?rest_route=\/wp\/v2\/users\/1"}],"replies":[{"embeddable":true,"href":"https:\/\/gis-dienst.de\/index.php?rest_route=%2Fwp%2Fv2%2Fcomments&post=21"}],"version-history":[{"count":17,"href":"https:\/\/gis-dienst.de\/index.php?rest_route=\/wp\/v2\/pages\/21\/revisions"}],"predecessor-version":[{"id":81,"href":"https:\/\/gis-dienst.de\/index.php?rest_route=\/wp\/v2\/pages\/21\/revisions\/81"}],"wp:featuredmedia":[{"embeddable":true,"href":"https:\/\/gis-dienst.de\/index.php?rest_route=\/wp\/v2\/media\/87"}],"wp:attachment":[{"href":"https:\/\/gis-dienst.de\/index.php?rest_route=%2Fwp%2Fv2%2Fmedia&parent=21"}],"curies":[{"name":"wp","href":"https:\/\/api.w.org\/{rel}","templated":true}]}}