{"id":135,"date":"2017-03-01T17:05:52","date_gmt":"2017-03-01T16:05:52","guid":{"rendered":"https:\/\/gis-dienst.de\/?page_id=135"},"modified":"2017-10-09T13:40:29","modified_gmt":"2017-10-09T11:40:29","slug":"vermoegensbewertung","status":"publish","type":"page","link":"https:\/\/gis-dienst.de\/?page_id=135","title":{"rendered":"Verm\u00f6gensbewertung"},"content":{"rendered":"<p><a href=\"https:\/\/gis-dienst.de\/wp-content\/uploads\/2017\/03\/Vermoegen_Bild.jpg\"><img loading=\"lazy\" decoding=\"async\" class=\"alignnone  wp-image-579\" src=\"https:\/\/gis-dienst.de\/wp-content\/uploads\/2017\/03\/Vermoegen_Bild.jpg\" alt=\"Vermoegen_Bild\" width=\"1342\" height=\"679\" srcset=\"https:\/\/gis-dienst.de\/wp-content\/uploads\/2017\/03\/Vermoegen_Bild.jpg 1469w, https:\/\/gis-dienst.de\/wp-content\/uploads\/2017\/03\/Vermoegen_Bild-300x152.jpg 300w, https:\/\/gis-dienst.de\/wp-content\/uploads\/2017\/03\/Vermoegen_Bild-1024x518.jpg 1024w\" sizes=\"auto, (max-width: 1342px) 100vw, 1342px\" \/><\/a><\/p>\n<p style=\"text-align: justify;\">Innerhalb der kommunalen Verm\u00f6gensbewertung sind wir sowohl beratend als auch \u00a0in der technischen Durchf\u00fchrung t\u00e4tig. Dabei kooperieren wir in Zusammenarbeit mit der Kommune mit dem zust\u00e4ndigen Rechnungspr\u00fcfungsamt. Dies vermeidet Risiken von nachtr\u00e4glichen Forderungen im Bereich Pr\u00fcfungssicherheit. Wir bieten f\u00fcr alle Anlagenbuchhaltungen, f\u00fcr doppische und kameralistische Buchungskonten Schnittstellen an.<\/p>\n<ul>\n<li>Wertermittlung der Anlageg\u00fcter nach Richtlinien der L\u00e4nder<\/li>\n<li>Erstellung von Objektkatalogen f\u00fcr die Zwecke des Bauamtes und f\u00fcr die Wertermittlung erstellt<\/li>\n<li>Kalkulation von Verm\u00f6genswerten f\u00fcr die kameralistische Inventur oder die Inventur nach der doppischen Datenerfassung<\/li>\n<\/ul>\n","protected":false},"excerpt":{"rendered":"<p>Innerhalb der kommunalen Verm\u00f6gensbewertung sind wir sowohl beratend als auch \u00a0in der technischen Durchf\u00fchrung t\u00e4tig. Dabei kooperieren wir in Zusammenarbeit mit der Kommune mit dem zust\u00e4ndigen Rechnungspr\u00fcfungsamt. Dies vermeidet Risiken von nachtr\u00e4glichen Forderungen im Bereich Pr\u00fcfungssicherheit. Wir bieten f\u00fcr alle<\/p>\n","protected":false},"author":1,"featured_media":0,"parent":37,"menu_order":0,"comment_status":"closed","ping_status":"closed","template":"","meta":{"_monsterinsights_skip_tracking":false,"_monsterinsights_sitenote_active":false,"_monsterinsights_sitenote_note":"","_monsterinsights_sitenote_category":0,"footnotes":""},"class_list":["post-135","page","type-page","status-publish","hentry"],"aioseo_notices":[],"_links":{"self":[{"href":"https:\/\/gis-dienst.de\/index.php?rest_route=\/wp\/v2\/pages\/135","targetHints":{"allow":["GET"]}}],"collection":[{"href":"https:\/\/gis-dienst.de\/index.php?rest_route=\/wp\/v2\/pages"}],"about":[{"href":"https:\/\/gis-dienst.de\/index.php?rest_route=\/wp\/v2\/types\/page"}],"author":[{"embeddable":true,"href":"https:\/\/gis-dienst.de\/index.php?rest_route=\/wp\/v2\/users\/1"}],"replies":[{"embeddable":true,"href":"https:\/\/gis-dienst.de\/index.php?rest_route=%2Fwp%2Fv2%2Fcomments&post=135"}],"version-history":[{"count":5,"href":"https:\/\/gis-dienst.de\/index.php?rest_route=\/wp\/v2\/pages\/135\/revisions"}],"predecessor-version":[{"id":580,"href":"https:\/\/gis-dienst.de\/index.php?rest_route=\/wp\/v2\/pages\/135\/revisions\/580"}],"up":[{"embeddable":true,"href":"https:\/\/gis-dienst.de\/index.php?rest_route=\/wp\/v2\/pages\/37"}],"wp:attachment":[{"href":"https:\/\/gis-dienst.de\/index.php?rest_route=%2Fwp%2Fv2%2Fmedia&parent=135"}],"curies":[{"name":"wp","href":"https:\/\/api.w.org\/{rel}","templated":true}]}}