{"id":133,"date":"2017-03-01T17:03:54","date_gmt":"2017-03-01T16:03:54","guid":{"rendered":"https:\/\/gis-dienst.de\/?page_id=133"},"modified":"2017-10-20T12:59:17","modified_gmt":"2017-10-20T10:59:17","slug":"datenerfassung","status":"publish","type":"page","link":"https:\/\/gis-dienst.de\/?page_id=133","title":{"rendered":"Infrastruktur-Management"},"content":{"rendered":"<p style=\"text-align: justify;\"><strong><a href=\"https:\/\/gis-dienst.de\/wp-content\/uploads\/2017\/03\/Strassenzustand.png\"><img loading=\"lazy\" decoding=\"async\" class=\" wp-image-441  alignright\" src=\"https:\/\/gis-dienst.de\/wp-content\/uploads\/2017\/03\/Strassenzustand.png\" alt=\"\" width=\"280\" height=\"744\" srcset=\"https:\/\/gis-dienst.de\/wp-content\/uploads\/2017\/03\/Strassenzustand.png 375w, https:\/\/gis-dienst.de\/wp-content\/uploads\/2017\/03\/Strassenzustand-113x300.png 113w\" sizes=\"auto, (max-width: 280px) 100vw, 280px\" \/><\/a><\/strong>Wir erfassen und bewerten alle Daten der kommunalen Infrastruktur und u\u0308bergeben diese in Zielsysteme der Auftraggeber.<\/p>\n<p><strong>Wir erfassen und bewerten:<\/strong><\/p>\n<ul style=\"text-align: justify;\">\n<li style=\"text-align: left;\">Verkehrsfl\u00e4chen und Zusatzbestand \/ Stra\u00dfenmobiliar\n<ul>\n<li>Leuchten<\/li>\n<li>Verkehrszeichen<\/li>\n<li>B\u00e4nke<\/li>\n<li>Bush\u00e4uschen<\/li>\n<\/ul>\n<\/li>\n<li>Kan\u00e4le<\/li>\n<li>Bauwerke<\/li>\n<li>Geb\u00e4ude<\/li>\n<li>Flurst\u00fccke<\/li>\n<\/ul>\n<p><strong>Unsere Leistungen umfassen:<\/strong><\/p>\n<ul>\n<li style=\"text-align: left;\">Digitalisierung der Verkehrsfl\u00e4chen und der Objekte des Zusatzbestandes im GIS<\/li>\n<li style=\"text-align: left;\">Erstellung der Netzknotenkarte<\/li>\n<li style=\"text-align: left;\">Erfassung der Sachdaten in einer Datenbank mit Schnittstelle zur Anlagenbuchhaltung<\/li>\n<li style=\"text-align: left;\">Bereitstellung der Daten zum Import in das GIS des Anwenders<\/li>\n<\/ul>\n<p style=\"text-align: justify;\">Die Datenerfassung ist die Basis f\u00fcr die Verwaltung der Anlageg\u00fcter im Bauamt und den Liegenschaften sowie f\u00fcr die Berechnung des kommunalen Anlageverm\u00f6gens f\u00fcr kameralistische und doppische Inventuren.<\/p>\n<p>&nbsp;<\/p>\n","protected":false},"excerpt":{"rendered":"<p>Wir erfassen und bewerten alle Daten der kommunalen Infrastruktur und u\u0308bergeben diese in Zielsysteme der Auftraggeber. Wir erfassen und bewerten: Verkehrsfl\u00e4chen und Zusatzbestand \/ Stra\u00dfenmobiliar Leuchten Verkehrszeichen B\u00e4nke Bush\u00e4uschen Kan\u00e4le Bauwerke Geb\u00e4ude Flurst\u00fccke Unsere Leistungen umfassen: Digitalisierung der Verkehrsfl\u00e4chen und<\/p>\n","protected":false},"author":1,"featured_media":0,"parent":37,"menu_order":0,"comment_status":"closed","ping_status":"closed","template":"","meta":{"_monsterinsights_skip_tracking":false,"_monsterinsights_sitenote_active":false,"_monsterinsights_sitenote_note":"","_monsterinsights_sitenote_category":0,"footnotes":""},"class_list":["post-133","page","type-page","status-publish","hentry"],"aioseo_notices":[],"_links":{"self":[{"href":"https:\/\/gis-dienst.de\/index.php?rest_route=\/wp\/v2\/pages\/133","targetHints":{"allow":["GET"]}}],"collection":[{"href":"https:\/\/gis-dienst.de\/index.php?rest_route=\/wp\/v2\/pages"}],"about":[{"href":"https:\/\/gis-dienst.de\/index.php?rest_route=\/wp\/v2\/types\/page"}],"author":[{"embeddable":true,"href":"https:\/\/gis-dienst.de\/index.php?rest_route=\/wp\/v2\/users\/1"}],"replies":[{"embeddable":true,"href":"https:\/\/gis-dienst.de\/index.php?rest_route=%2Fwp%2Fv2%2Fcomments&post=133"}],"version-history":[{"count":54,"href":"https:\/\/gis-dienst.de\/index.php?rest_route=\/wp\/v2\/pages\/133\/revisions"}],"predecessor-version":[{"id":565,"href":"https:\/\/gis-dienst.de\/index.php?rest_route=\/wp\/v2\/pages\/133\/revisions\/565"}],"up":[{"embeddable":true,"href":"https:\/\/gis-dienst.de\/index.php?rest_route=\/wp\/v2\/pages\/37"}],"wp:attachment":[{"href":"https:\/\/gis-dienst.de\/index.php?rest_route=%2Fwp%2Fv2%2Fmedia&parent=133"}],"curies":[{"name":"wp","href":"https:\/\/api.w.org\/{rel}","templated":true}]}}